{"id":1841,"date":"2024-08-14T12:56:10","date_gmt":"2024-08-14T10:56:10","guid":{"rendered":"https:\/\/ols.hu\/?page_id=1841"},"modified":"2025-07-09T17:48:56","modified_gmt":"2025-07-09T15:48:56","slug":"galeria","status":"publish","type":"page","link":"https:\/\/ols.hu\/de\/galeria\/","title":{"rendered":"Bildergalerie"},"content":{"rendered":"<div data-elementor-type=\"wp-page\" data-elementor-id=\"1841\" class=\"elementor elementor-1841\" data-elementor-settings=\"{&quot;ha_cmc_init_switcher&quot;:&quot;no&quot;}\" data-elementor-post-type=\"page\">\n\t\t\t\t\t\t<section class=\"elementor-section elementor-top-section elementor-element elementor-element-ea189aa elementor-section-height-min-height elementor-section-boxed elementor-section-height-default elementor-section-items-middle\" data-id=\"ea189aa\" data-element_type=\"section\" data-settings=\"{&quot;background_background&quot;:&quot;classic&quot;,&quot;_ha_eqh_enable&quot;:false}\">\n\t\t\t\t\t\t<div class=\"elementor-container elementor-column-gap-default\">\n\t\t\t\t\t<div class=\"elementor-column elementor-col-100 elementor-top-column elementor-element elementor-element-b018009\" data-id=\"b018009\" data-element_type=\"column\">\n\t\t\t<div class=\"elementor-widget-wrap elementor-element-populated\">\n\t\t\t\t\t\t<section class=\"elementor-section elementor-inner-section elementor-element elementor-element-0f28d40 elementor-section-boxed elementor-section-height-default elementor-section-height-default elementor-invisible\" data-id=\"0f28d40\" data-element_type=\"section\" data-settings=\"{&quot;animation&quot;:&quot;fadeInUp&quot;,&quot;_ha_eqh_enable&quot;:false}\">\n\t\t\t\t\t\t<div class=\"elementor-container elementor-column-gap-default\">\n\t\t\t\t\t<div class=\"elementor-column elementor-col-100 elementor-inner-column elementor-element elementor-element-31d8900\" data-id=\"31d8900\" data-element_type=\"column\">\n\t\t\t<div class=\"elementor-widget-wrap elementor-element-populated\">\n\t\t\t\t\t\t<div class=\"elementor-element elementor-element-1f74641 elementor-widget elementor-widget-heading\" data-id=\"1f74641\" data-element_type=\"widget\" data-widget_type=\"heading.default\">\n\t\t\t\t<div class=\"elementor-widget-container\">\n\t\t\t\t\t<h1 class=\"elementor-heading-title elementor-size-default\">Bildergalerie<\/h1>\t\t\t\t<\/div>\n\t\t\t\t<\/div>\n\t\t\t\t\t<\/div>\n\t\t<\/div>\n\t\t\t\t\t<\/div>\n\t\t<\/section>\n\t\t\t\t\t<\/div>\n\t\t<\/div>\n\t\t\t\t\t<\/div>\n\t\t<\/section>\n\t\t\t\t<section class=\"elementor-section elementor-top-section elementor-element elementor-element-b0e0ee9 elementor-section-boxed elementor-section-height-default elementor-section-height-default\" data-id=\"b0e0ee9\" data-element_type=\"section\" data-settings=\"{&quot;_ha_eqh_enable&quot;:false}\">\n\t\t\t\t\t\t<div class=\"elementor-container elementor-column-gap-default\">\n\t\t\t\t\t<div class=\"elementor-column elementor-col-100 elementor-top-column elementor-element elementor-element-b91805d\" data-id=\"b91805d\" data-element_type=\"column\">\n\t\t\t<div class=\"elementor-widget-wrap elementor-element-populated\">\n\t\t\t\t\t\t<div class=\"elementor-element elementor-element-325784c elementor-widget elementor-widget-gallery\" data-id=\"325784c\" data-element_type=\"widget\" data-settings=\"{&quot;columns&quot;:3,&quot;gap&quot;:{&quot;unit&quot;:&quot;px&quot;,&quot;size&quot;:15,&quot;sizes&quot;:[]},&quot;lazyload&quot;:&quot;yes&quot;,&quot;gallery_layout&quot;:&quot;grid&quot;,&quot;columns_tablet&quot;:2,&quot;columns_mobile&quot;:1,&quot;gap_tablet&quot;:{&quot;unit&quot;:&quot;px&quot;,&quot;size&quot;:10,&quot;sizes&quot;:[]},&quot;gap_mobile&quot;:{&quot;unit&quot;:&quot;px&quot;,&quot;size&quot;:10,&quot;sizes&quot;:[]},&quot;link_to&quot;:&quot;file&quot;,&quot;aspect_ratio&quot;:&quot;3:2&quot;,&quot;overlay_background&quot;:&quot;yes&quot;,&quot;content_hover_animation&quot;:&quot;fade-in&quot;}\" data-widget_type=\"gallery.default\">\n\t\t\t\t<div class=\"elementor-widget-container\">\n\t\t\t\t\t\t\t<div class=\"elementor-gallery__container\">\n\t\t\t\t\t\t\t<a class=\"e-gallery-item elementor-gallery-item elementor-animated-content\" href=\"https:\/\/ols.hu\/wp-content\/uploads\/2024\/05\/ced0683b908fba8263fde690e9e25791.png\" data-elementor-open-lightbox=\"yes\" data-elementor-lightbox-slideshow=\"325784c\" data-elementor-lightbox-title=\"ced0683b908fba8263fde690e9e25791\" data-e-action-hash=\"#elementor-action%3Aaction%3Dlightbox%26settings%3DeyJpZCI6MTI3MywidXJsIjoiaHR0cHM6XC9cL29scy5odVwvd3AtY29udGVudFwvdXBsb2Fkc1wvMjAyNFwvMDVcL2NlZDA2ODNiOTA4ZmJhODI2M2ZkZTY5MGU5ZTI1NzkxLnBuZyIsInNsaWRlc2hvdyI6IjMyNTc4NGMifQ%3D%3D\">\n\t\t\t\t\t<div class=\"e-gallery-image elementor-gallery-item__image\" data-thumbnail=\"https:\/\/ols.hu\/wp-content\/uploads\/2024\/05\/ced0683b908fba8263fde690e9e25791.png\" data-width=\"800\" data-height=\"533\" aria-label=\"\" role=\"img\" ><\/div>\n\t\t\t\t\t\t\t\t\t\t\t<div class=\"elementor-gallery-item__overlay\"><\/div>\n\t\t\t\t\t\t\t\t\t\t\t\t\t\t<\/a>\n\t\t\t\t\t\t\t<a class=\"e-gallery-item elementor-gallery-item elementor-animated-content\" href=\"https:\/\/ols.hu\/wp-content\/uploads\/2024\/05\/e1a1f9d637ecf52b43753a92d8da3c01.png\" data-elementor-open-lightbox=\"yes\" data-elementor-lightbox-slideshow=\"325784c\" data-elementor-lightbox-title=\"e1a1f9d637ecf52b43753a92d8da3c01\" data-e-action-hash=\"#elementor-action%3Aaction%3Dlightbox%26settings%3DeyJpZCI6MTI3MSwidXJsIjoiaHR0cHM6XC9cL29scy5odVwvd3AtY29udGVudFwvdXBsb2Fkc1wvMjAyNFwvMDVcL2UxYTFmOWQ2MzdlY2Y1MmI0Mzc1M2E5MmQ4ZGEzYzAxLnBuZyIsInNsaWRlc2hvdyI6IjMyNTc4NGMifQ%3D%3D\">\n\t\t\t\t\t<div class=\"e-gallery-image elementor-gallery-item__image\" data-thumbnail=\"https:\/\/ols.hu\/wp-content\/uploads\/2024\/05\/e1a1f9d637ecf52b43753a92d8da3c01.png\" data-width=\"600\" data-height=\"900\" aria-label=\"\" role=\"img\" ><\/div>\n\t\t\t\t\t\t\t\t\t\t\t<div class=\"elementor-gallery-item__overlay\"><\/div>\n\t\t\t\t\t\t\t\t\t\t\t\t\t\t<\/a>\n\t\t\t\t\t\t\t<a class=\"e-gallery-item elementor-gallery-item elementor-animated-content\" href=\"https:\/\/ols.hu\/wp-content\/uploads\/2024\/05\/70069ea086c5114becc9b00531de2de8.jpg\" data-elementor-open-lightbox=\"yes\" data-elementor-lightbox-slideshow=\"325784c\" data-elementor-lightbox-title=\"70069ea086c5114becc9b00531de2de8\" data-e-action-hash=\"#elementor-action%3Aaction%3Dlightbox%26settings%3DeyJpZCI6MTI0OCwidXJsIjoiaHR0cHM6XC9cL29scy5odVwvd3AtY29udGVudFwvdXBsb2Fkc1wvMjAyNFwvMDVcLzcwMDY5ZWEwODZjNTExNGJlY2M5YjAwNTMxZGUyZGU4LmpwZyIsInNsaWRlc2hvdyI6IjMyNTc4NGMifQ%3D%3D\">\n\t\t\t\t\t<div class=\"e-gallery-image elementor-gallery-item__image\" data-thumbnail=\"https:\/\/ols.hu\/wp-content\/uploads\/2024\/05\/70069ea086c5114becc9b00531de2de8.jpg\" data-width=\"600\" data-height=\"400\" aria-label=\"\" role=\"img\" ><\/div>\n\t\t\t\t\t\t\t\t\t\t\t<div class=\"elementor-gallery-item__overlay\"><\/div>\n\t\t\t\t\t\t\t\t\t\t\t\t\t\t<\/a>\n\t\t\t\t\t\t\t<a class=\"e-gallery-item elementor-gallery-item elementor-animated-content\" href=\"https:\/\/ols.hu\/wp-content\/uploads\/2024\/05\/09c3f86aa6f5da8e8cb2f15a2f2a8348.jpg\" data-elementor-open-lightbox=\"yes\" data-elementor-lightbox-slideshow=\"325784c\" data-elementor-lightbox-title=\"09c3f86aa6f5da8e8cb2f15a2f2a8348\" data-e-action-hash=\"#elementor-action%3Aaction%3Dlightbox%26settings%3DeyJpZCI6MTI0NiwidXJsIjoiaHR0cHM6XC9cL29scy5odVwvd3AtY29udGVudFwvdXBsb2Fkc1wvMjAyNFwvMDVcLzA5YzNmODZhYTZmNWRhOGU4Y2IyZjE1YTJmMmE4MzQ4LmpwZyIsInNsaWRlc2hvdyI6IjMyNTc4NGMifQ%3D%3D\">\n\t\t\t\t\t<div class=\"e-gallery-image elementor-gallery-item__image\" data-thumbnail=\"https:\/\/ols.hu\/wp-content\/uploads\/2024\/05\/09c3f86aa6f5da8e8cb2f15a2f2a8348.jpg\" data-width=\"600\" data-height=\"400\" aria-label=\"\" role=\"img\" ><\/div>\n\t\t\t\t\t\t\t\t\t\t\t<div class=\"elementor-gallery-item__overlay\"><\/div>\n\t\t\t\t\t\t\t\t\t\t\t\t\t\t<\/a>\n\t\t\t\t\t\t\t<a class=\"e-gallery-item elementor-gallery-item elementor-animated-content\" href=\"https:\/\/ols.hu\/wp-content\/uploads\/2024\/05\/1ea0e2085c2b5e8649b24b8720a278cf.jpg\" data-elementor-open-lightbox=\"yes\" data-elementor-lightbox-slideshow=\"325784c\" data-elementor-lightbox-title=\"1ea0e2085c2b5e8649b24b8720a278cf\" data-e-action-hash=\"#elementor-action%3Aaction%3Dlightbox%26settings%3DeyJpZCI6MTI0MywidXJsIjoiaHR0cHM6XC9cL29scy5odVwvd3AtY29udGVudFwvdXBsb2Fkc1wvMjAyNFwvMDVcLzFlYTBlMjA4NWMyYjVlODY0OWIyNGI4NzIwYTI3OGNmLmpwZyIsInNsaWRlc2hvdyI6IjMyNTc4NGMifQ%3D%3D\">\n\t\t\t\t\t<div class=\"e-gallery-image elementor-gallery-item__image\" data-thumbnail=\"https:\/\/ols.hu\/wp-content\/uploads\/2024\/05\/1ea0e2085c2b5e8649b24b8720a278cf.jpg\" data-width=\"600\" data-height=\"400\" aria-label=\"\" role=\"img\" ><\/div>\n\t\t\t\t\t\t\t\t\t\t\t<div class=\"elementor-gallery-item__overlay\"><\/div>\n\t\t\t\t\t\t\t\t\t\t\t\t\t\t<\/a>\n\t\t\t\t\t\t\t<a class=\"e-gallery-item elementor-gallery-item elementor-animated-content\" href=\"https:\/\/ols.hu\/wp-content\/uploads\/2024\/05\/9f620cc6ced9ecb0ed4f199002486310.jpeg\" data-elementor-open-lightbox=\"yes\" data-elementor-lightbox-slideshow=\"325784c\" data-elementor-lightbox-title=\"9f620cc6ced9ecb0ed4f199002486310\" data-e-action-hash=\"#elementor-action%3Aaction%3Dlightbox%26settings%3DeyJpZCI6MTIzOCwidXJsIjoiaHR0cHM6XC9cL29scy5odVwvd3AtY29udGVudFwvdXBsb2Fkc1wvMjAyNFwvMDVcLzlmNjIwY2M2Y2VkOWVjYjBlZDRmMTk5MDAyNDg2MzEwLmpwZWciLCJzbGlkZXNob3ciOiIzMjU3ODRjIn0%3D\">\n\t\t\t\t\t<div class=\"e-gallery-image elementor-gallery-item__image\" data-thumbnail=\"https:\/\/ols.hu\/wp-content\/uploads\/2024\/05\/9f620cc6ced9ecb0ed4f199002486310.jpeg\" data-width=\"640\" data-height=\"427\" aria-label=\"\" role=\"img\" ><\/div>\n\t\t\t\t\t\t\t\t\t\t\t<div class=\"elementor-gallery-item__overlay\"><\/div>\n\t\t\t\t\t\t\t\t\t\t\t\t\t\t<\/a>\n\t\t\t\t\t\t\t<a class=\"e-gallery-item elementor-gallery-item elementor-animated-content\" href=\"https:\/\/ols.hu\/wp-content\/uploads\/2024\/05\/c0591e17b18c9a785d7984a8c605e82b.jpg\" data-elementor-open-lightbox=\"yes\" data-elementor-lightbox-slideshow=\"325784c\" data-elementor-lightbox-title=\"c0591e17b18c9a785d7984a8c605e82b\" data-e-action-hash=\"#elementor-action%3Aaction%3Dlightbox%26settings%3DeyJpZCI6MTI1MSwidXJsIjoiaHR0cHM6XC9cL29scy5odVwvd3AtY29udGVudFwvdXBsb2Fkc1wvMjAyNFwvMDVcL2MwNTkxZTE3YjE4YzlhNzg1ZDc5ODRhOGM2MDVlODJiLmpwZyIsInNsaWRlc2hvdyI6IjMyNTc4NGMifQ%3D%3D\">\n\t\t\t\t\t<div class=\"e-gallery-image elementor-gallery-item__image\" data-thumbnail=\"https:\/\/ols.hu\/wp-content\/uploads\/2024\/05\/c0591e17b18c9a785d7984a8c605e82b.jpg\" data-width=\"600\" data-height=\"400\" aria-label=\"\" role=\"img\" ><\/div>\n\t\t\t\t\t\t\t\t\t\t\t<div class=\"elementor-gallery-item__overlay\"><\/div>\n\t\t\t\t\t\t\t\t\t\t\t\t\t\t<\/a>\n\t\t\t\t\t\t\t<a class=\"e-gallery-item elementor-gallery-item elementor-animated-content\" href=\"https:\/\/ols.hu\/wp-content\/uploads\/2024\/05\/024660f2f0f0648c467fe6b5511ff0d6.png\" data-elementor-open-lightbox=\"yes\" data-elementor-lightbox-slideshow=\"325784c\" data-elementor-lightbox-title=\"024660f2f0f0648c467fe6b5511ff0d6\" data-e-action-hash=\"#elementor-action%3Aaction%3Dlightbox%26settings%3DeyJpZCI6MTIyNiwidXJsIjoiaHR0cHM6XC9cL29scy5odVwvd3AtY29udGVudFwvdXBsb2Fkc1wvMjAyNFwvMDVcLzAyNDY2MGYyZjBmMDY0OGM0NjdmZTZiNTUxMWZmMGQ2LnBuZyIsInNsaWRlc2hvdyI6IjMyNTc4NGMifQ%3D%3D\">\n\t\t\t\t\t<div class=\"e-gallery-image elementor-gallery-item__image\" data-thumbnail=\"https:\/\/ols.hu\/wp-content\/uploads\/2024\/05\/024660f2f0f0648c467fe6b5511ff0d6.png\" data-width=\"1000\" data-height=\"667\" aria-label=\"\" role=\"img\" ><\/div>\n\t\t\t\t\t\t\t\t\t\t\t<div class=\"elementor-gallery-item__overlay\"><\/div>\n\t\t\t\t\t\t\t\t\t\t\t\t\t\t<\/a>\n\t\t\t\t\t\t\t<a class=\"e-gallery-item elementor-gallery-item elementor-animated-content\" href=\"https:\/\/ols.hu\/wp-content\/uploads\/2024\/05\/e881400292c6a5a9c82e8c81c9f83d62.jpg\" data-elementor-open-lightbox=\"yes\" data-elementor-lightbox-slideshow=\"325784c\" data-elementor-lightbox-title=\"e881400292c6a5a9c82e8c81c9f83d62\" data-e-action-hash=\"#elementor-action%3Aaction%3Dlightbox%26settings%3DeyJpZCI6MTIwOCwidXJsIjoiaHR0cHM6XC9cL29scy5odVwvd3AtY29udGVudFwvdXBsb2Fkc1wvMjAyNFwvMDVcL2U4ODE0MDAyOTJjNmE1YTljODJlOGM4MWM5ZjgzZDYyLmpwZyIsInNsaWRlc2hvdyI6IjMyNTc4NGMifQ%3D%3D\">\n\t\t\t\t\t<div class=\"e-gallery-image elementor-gallery-item__image\" data-thumbnail=\"https:\/\/ols.hu\/wp-content\/uploads\/2024\/05\/e881400292c6a5a9c82e8c81c9f83d62.jpg\" data-width=\"540\" data-height=\"360\" aria-label=\"\" role=\"img\" ><\/div>\n\t\t\t\t\t\t\t\t\t\t\t<div class=\"elementor-gallery-item__overlay\"><\/div>\n\t\t\t\t\t\t\t\t\t\t\t\t\t\t<\/a>\n\t\t\t\t\t\t\t<a class=\"e-gallery-item elementor-gallery-item elementor-animated-content\" href=\"https:\/\/ols.hu\/wp-content\/uploads\/2024\/05\/cd08226d5448530cf37d7d5e07172ffe.png\" data-elementor-open-lightbox=\"yes\" data-elementor-lightbox-slideshow=\"325784c\" data-elementor-lightbox-title=\"cd08226d5448530cf37d7d5e07172ffe\" data-e-action-hash=\"#elementor-action%3Aaction%3Dlightbox%26settings%3DeyJpZCI6MTIxMiwidXJsIjoiaHR0cHM6XC9cL29scy5odVwvd3AtY29udGVudFwvdXBsb2Fkc1wvMjAyNFwvMDVcL2NkMDgyMjZkNTQ0ODUzMGNmMzdkN2Q1ZTA3MTcyZmZlLnBuZyIsInNsaWRlc2hvdyI6IjMyNTc4NGMifQ%3D%3D\">\n\t\t\t\t\t<div class=\"e-gallery-image elementor-gallery-item__image\" data-thumbnail=\"https:\/\/ols.hu\/wp-content\/uploads\/2024\/05\/cd08226d5448530cf37d7d5e07172ffe.png\" data-width=\"600\" data-height=\"900\" aria-label=\"\" role=\"img\" ><\/div>\n\t\t\t\t\t\t\t\t\t\t\t<div class=\"elementor-gallery-item__overlay\"><\/div>\n\t\t\t\t\t\t\t\t\t\t\t\t\t\t<\/a>\n\t\t\t\t\t\t\t<a class=\"e-gallery-item elementor-gallery-item elementor-animated-content\" href=\"https:\/\/ols.hu\/wp-content\/uploads\/2024\/05\/a171369d506bb0391c37273556fa949a.jpeg\" data-elementor-open-lightbox=\"yes\" data-elementor-lightbox-slideshow=\"325784c\" data-elementor-lightbox-title=\"a171369d506bb0391c37273556fa949a\" data-e-action-hash=\"#elementor-action%3Aaction%3Dlightbox%26settings%3DeyJpZCI6MTIxNSwidXJsIjoiaHR0cHM6XC9cL29scy5odVwvd3AtY29udGVudFwvdXBsb2Fkc1wvMjAyNFwvMDVcL2ExNzEzNjlkNTA2YmIwMzkxYzM3MjczNTU2ZmE5NDlhLmpwZWciLCJzbGlkZXNob3ciOiIzMjU3ODRjIn0%3D\">\n\t\t\t\t\t<div class=\"e-gallery-image elementor-gallery-item__image\" data-thumbnail=\"https:\/\/ols.hu\/wp-content\/uploads\/2024\/05\/a171369d506bb0391c37273556fa949a.jpeg\" data-width=\"640\" data-height=\"427\" aria-label=\"\" role=\"img\" ><\/div>\n\t\t\t\t\t\t\t\t\t\t\t<div class=\"elementor-gallery-item__overlay\"><\/div>\n\t\t\t\t\t\t\t\t\t\t\t\t\t\t<\/a>\n\t\t\t\t\t\t\t<a class=\"e-gallery-item elementor-gallery-item elementor-animated-content\" href=\"https:\/\/ols.hu\/wp-content\/uploads\/2024\/05\/670f4a4b35ee196acff76b59a1333d99.png\" data-elementor-open-lightbox=\"yes\" data-elementor-lightbox-slideshow=\"325784c\" data-elementor-lightbox-title=\"670f4a4b35ee196acff76b59a1333d99\" data-e-action-hash=\"#elementor-action%3Aaction%3Dlightbox%26settings%3DeyJpZCI6MTIxNCwidXJsIjoiaHR0cHM6XC9cL29scy5odVwvd3AtY29udGVudFwvdXBsb2Fkc1wvMjAyNFwvMDVcLzY3MGY0YTRiMzVlZTE5NmFjZmY3NmI1OWExMzMzZDk5LnBuZyIsInNsaWRlc2hvdyI6IjMyNTc4NGMifQ%3D%3D\">\n\t\t\t\t\t<div class=\"e-gallery-image elementor-gallery-item__image\" data-thumbnail=\"https:\/\/ols.hu\/wp-content\/uploads\/2024\/05\/670f4a4b35ee196acff76b59a1333d99.png\" data-width=\"400\" data-height=\"267\" aria-label=\"\" role=\"img\" ><\/div>\n\t\t\t\t\t\t\t\t\t\t\t<div class=\"elementor-gallery-item__overlay\"><\/div>\n\t\t\t\t\t\t\t\t\t\t\t\t\t\t<\/a>\n\t\t\t\t\t<\/div>\n\t\t\t\t\t<\/div>\n\t\t\t\t<\/div>\n\t\t\t\t\t<\/div>\n\t\t<\/div>\n\t\t\t\t\t<\/div>\n\t\t<\/section>\n\t\t\t\t<\/div>","protected":false},"excerpt":{"rendered":"<p>Bildergalerie<\/p>","protected":false},"author":1,"featured_media":0,"parent":0,"menu_order":0,"comment_status":"closed","ping_status":"closed","template":"","meta":{"footnotes":""},"class_list":["post-1841","page","type-page","status-publish","hentry"],"yoast_head":"<!-- This site is optimized with the Yoast SEO Premium plugin v25.4 (Yoast SEO v25.4) - https:\/\/yoast.com\/wordpress\/plugins\/seo\/ -->\n<title>Gal\u00e9ria - Omega Laser Steeltec Kft.<\/title>\n<meta name=\"robots\" content=\"index, follow, max-snippet:-1, max-image-preview:large, max-video-preview:-1\" \/>\n<link rel=\"canonical\" href=\"https:\/\/ols.hu\/de\/galeria\/\" \/>\n<meta property=\"og:locale\" content=\"de_DE\" \/>\n<meta property=\"og:type\" content=\"article\" \/>\n<meta property=\"og:title\" content=\"Gal\u00e9ria\" \/>\n<meta property=\"og:description\" content=\"Gal\u00e9ria\" \/>\n<meta property=\"og:url\" content=\"https:\/\/ols.hu\/de\/galeria\/\" \/>\n<meta property=\"og:site_name\" content=\"Omega Laser Steeltec Kft.\" \/>\n<meta property=\"article:modified_time\" content=\"2025-07-09T15:48:56+00:00\" \/>\n<meta name=\"twitter:card\" content=\"summary_large_image\" \/>\n<meta name=\"twitter:label1\" content=\"Gesch\u00e4tzte Lesezeit\" \/>\n\t<meta name=\"twitter:data1\" content=\"1\u00a0Minute\" \/>\n<script type=\"application\/ld+json\" class=\"yoast-schema-graph\">{\"@context\":\"https:\/\/schema.org\",\"@graph\":[{\"@type\":\"WebPage\",\"@id\":\"https:\/\/ols.hu\/galeria\/\",\"url\":\"https:\/\/ols.hu\/galeria\/\",\"name\":\"Gal\u00e9ria - Omega Laser Steeltec Kft.\",\"isPartOf\":{\"@id\":\"https:\/\/ols.hu\/#website\"},\"datePublished\":\"2024-08-14T10:56:10+00:00\",\"dateModified\":\"2025-07-09T15:48:56+00:00\",\"breadcrumb\":{\"@id\":\"https:\/\/ols.hu\/galeria\/#breadcrumb\"},\"inLanguage\":\"de\",\"potentialAction\":[{\"@type\":\"ReadAction\",\"target\":[\"https:\/\/ols.hu\/galeria\/\"]}]},{\"@type\":\"BreadcrumbList\",\"@id\":\"https:\/\/ols.hu\/galeria\/#breadcrumb\",\"itemListElement\":[{\"@type\":\"ListItem\",\"position\":1,\"name\":\"Kezd\u0151lap\",\"item\":\"https:\/\/ols.hu\/\"},{\"@type\":\"ListItem\",\"position\":2,\"name\":\"Gal\u00e9ria\"}]},{\"@type\":\"WebSite\",\"@id\":\"https:\/\/ols.hu\/#website\",\"url\":\"https:\/\/ols.hu\/\",\"name\":\"Omega Laser Steeltec Kft.\",\"description\":\"L\u00e9zerv\u00e1g\u00e1s \/ Lemezmegmunk\u00e1l\u00e1s\",\"publisher\":{\"@id\":\"https:\/\/ols.hu\/#organization\"},\"alternateName\":\"Porfest\u00e9s az OLS-t\u0151l\",\"potentialAction\":[{\"@type\":\"SearchAction\",\"target\":{\"@type\":\"EntryPoint\",\"urlTemplate\":\"https:\/\/ols.hu\/?s={search_term_string}\"},\"query-input\":{\"@type\":\"PropertyValueSpecification\",\"valueRequired\":true,\"valueName\":\"search_term_string\"}}],\"inLanguage\":\"de\"},{\"@type\":\"Organization\",\"@id\":\"https:\/\/ols.hu\/#organization\",\"name\":\"OLS OMEGA-LASER-STEELTEC Ipari, Kereskedelmi \u00e9s Szolg\u00e1ltat\u00f3 Kft.\",\"alternateName\":\"OLS Kft.\",\"url\":\"https:\/\/ols.hu\/\",\"logo\":{\"@type\":\"ImageObject\",\"inLanguage\":\"de\",\"@id\":\"https:\/\/ols.hu\/#\/schema\/logo\/image\/\",\"url\":\"https:\/\/ols.hu\/wp-content\/uploads\/2024\/08\/cropped-ols_logo_valtozatok-01.png\",\"contentUrl\":\"https:\/\/ols.hu\/wp-content\/uploads\/2024\/08\/cropped-ols_logo_valtozatok-01.png\",\"width\":1966,\"height\":562,\"caption\":\"OLS OMEGA-LASER-STEELTEC Ipari, Kereskedelmi \u00e9s Szolg\u00e1ltat\u00f3 Kft.\"},\"image\":{\"@id\":\"https:\/\/ols.hu\/#\/schema\/logo\/image\/\"},\"taxID\":\"12758700-2-13\"}]}<\/script>\n<!-- \/ Yoast SEO Premium plugin. -->","yoast_head_json":{"title":"Gal\u00e9ria - Omega Laser Steeltec Kft.","robots":{"index":"index","follow":"follow","max-snippet":"max-snippet:-1","max-image-preview":"max-image-preview:large","max-video-preview":"max-video-preview:-1"},"canonical":"https:\/\/ols.hu\/de\/galeria\/","og_locale":"de_DE","og_type":"article","og_title":"Gal\u00e9ria","og_description":"Gal\u00e9ria","og_url":"https:\/\/ols.hu\/de\/galeria\/","og_site_name":"Omega Laser Steeltec Kft.","article_modified_time":"2025-07-09T15:48:56+00:00","twitter_card":"summary_large_image","twitter_misc":{"Gesch\u00e4tzte Lesezeit":"1\u00a0Minute"},"schema":{"@context":"https:\/\/schema.org","@graph":[{"@type":"WebPage","@id":"https:\/\/ols.hu\/galeria\/","url":"https:\/\/ols.hu\/galeria\/","name":"Gal\u00e9ria - Omega Laser Steeltec Kft.","isPartOf":{"@id":"https:\/\/ols.hu\/#website"},"datePublished":"2024-08-14T10:56:10+00:00","dateModified":"2025-07-09T15:48:56+00:00","breadcrumb":{"@id":"https:\/\/ols.hu\/galeria\/#breadcrumb"},"inLanguage":"de","potentialAction":[{"@type":"ReadAction","target":["https:\/\/ols.hu\/galeria\/"]}]},{"@type":"BreadcrumbList","@id":"https:\/\/ols.hu\/galeria\/#breadcrumb","itemListElement":[{"@type":"ListItem","position":1,"name":"Kezd\u0151lap","item":"https:\/\/ols.hu\/"},{"@type":"ListItem","position":2,"name":"Gal\u00e9ria"}]},{"@type":"WebSite","@id":"https:\/\/ols.hu\/#website","url":"https:\/\/ols.hu\/","name":"Omega Laser Steeltec Kft.","description":"L\u00e9zerv\u00e1g\u00e1s \/ Lemezmegmunk\u00e1l\u00e1s","publisher":{"@id":"https:\/\/ols.hu\/#organization"},"alternateName":"Porfest\u00e9s az OLS-t\u0151l","potentialAction":[{"@type":"SearchAction","target":{"@type":"EntryPoint","urlTemplate":"https:\/\/ols.hu\/?s={search_term_string}"},"query-input":{"@type":"PropertyValueSpecification","valueRequired":true,"valueName":"search_term_string"}}],"inLanguage":"de"},{"@type":"Organization","@id":"https:\/\/ols.hu\/#organization","name":"OLS OMEGA-LASER-STEELTEC Ipari, Kereskedelmi \u00e9s Szolg\u00e1ltat\u00f3 Kft.","alternateName":"OLS Kft.","url":"https:\/\/ols.hu\/","logo":{"@type":"ImageObject","inLanguage":"de","@id":"https:\/\/ols.hu\/#\/schema\/logo\/image\/","url":"https:\/\/ols.hu\/wp-content\/uploads\/2024\/08\/cropped-ols_logo_valtozatok-01.png","contentUrl":"https:\/\/ols.hu\/wp-content\/uploads\/2024\/08\/cropped-ols_logo_valtozatok-01.png","width":1966,"height":562,"caption":"OLS OMEGA-LASER-STEELTEC Ipari, Kereskedelmi \u00e9s Szolg\u00e1ltat\u00f3 Kft."},"image":{"@id":"https:\/\/ols.hu\/#\/schema\/logo\/image\/"},"taxID":"12758700-2-13"}]}},"_links":{"self":[{"href":"https:\/\/ols.hu\/de\/wp-json\/wp\/v2\/pages\/1841","targetHints":{"allow":["GET"]}}],"collection":[{"href":"https:\/\/ols.hu\/de\/wp-json\/wp\/v2\/pages"}],"about":[{"href":"https:\/\/ols.hu\/de\/wp-json\/wp\/v2\/types\/page"}],"author":[{"embeddable":true,"href":"https:\/\/ols.hu\/de\/wp-json\/wp\/v2\/users\/1"}],"replies":[{"embeddable":true,"href":"https:\/\/ols.hu\/de\/wp-json\/wp\/v2\/comments?post=1841"}],"version-history":[{"count":19,"href":"https:\/\/ols.hu\/de\/wp-json\/wp\/v2\/pages\/1841\/revisions"}],"predecessor-version":[{"id":4124,"href":"https:\/\/ols.hu\/de\/wp-json\/wp\/v2\/pages\/1841\/revisions\/4124"}],"wp:attachment":[{"href":"https:\/\/ols.hu\/de\/wp-json\/wp\/v2\/media?parent=1841"}],"curies":[{"name":"wp","href":"https:\/\/api.w.org\/{rel}","templated":true}]}}